{"id":20,"date":"2022-10-19T14:24:24","date_gmt":"2022-10-19T14:24:24","guid":{"rendered":"https:\/\/konacikasm.com\/index.php\/gallery\/"},"modified":"2022-10-26T13:21:19","modified_gmt":"2022-10-26T13:21:19","slug":"gallery","status":"publish","type":"page","link":"https:\/\/konacikasm.com\/index.php\/gallery\/","title":{"rendered":"M\u0130SYON &#038; V\u0130ZYON"},"content":{"rendered":"\t\t<div data-elementor-type=\"wp-page\" data-elementor-id=\"20\" class=\"elementor elementor-20\">\n\t\t\t\t\t\t<section class=\"elementor-section elementor-top-section elementor-element elementor-element-5452571d elementor-section-height-min-height elementor-section-content-middle elementor-section-full_width elementor-section-items-stretch elementor-reverse-mobile elementor-section-height-default elementor-invisible\" data-id=\"5452571d\" data-element_type=\"section\" data-e-type=\"section\" data-settings=\"{&quot;animation&quot;:&quot;fadeInLeft&quot;}\">\n\t\t\t\t\t\t<div class=\"elementor-container elementor-column-gap-no\">\n\t\t\t\t\t<div class=\"elementor-column elementor-col-50 elementor-top-column elementor-element elementor-element-3a02bd25\" data-id=\"3a02bd25\" data-element_type=\"column\" data-e-type=\"column\" data-settings=\"{&quot;background_background&quot;:&quot;classic&quot;}\">\n\t\t\t<div class=\"elementor-widget-wrap elementor-element-populated\">\n\t\t\t\t\t\t<div class=\"elementor-element elementor-element-7e1b5b71 elementor-widget elementor-widget-spacer\" data-id=\"7e1b5b71\" data-element_type=\"widget\" data-e-type=\"widget\" data-widget_type=\"spacer.default\">\n\t\t\t\t<div class=\"elementor-widget-container\">\n\t\t\t\t\t\t\t<div class=\"elementor-spacer\">\n\t\t\t<div class=\"elementor-spacer-inner\"><\/div>\n\t\t<\/div>\n\t\t\t\t\t\t<\/div>\n\t\t\t\t<\/div>\n\t\t\t\t\t<\/div>\n\t\t<\/div>\n\t\t\t\t<div class=\"elementor-column elementor-col-50 elementor-top-column elementor-element elementor-element-61dee422\" data-id=\"61dee422\" data-element_type=\"column\" data-e-type=\"column\">\n\t\t\t<div class=\"elementor-widget-wrap elementor-element-populated\">\n\t\t\t\t\t\t<div class=\"elementor-element elementor-element-41f5e3d6 elementor-widget elementor-widget-text-editor\" data-id=\"41f5e3d6\" data-element_type=\"widget\" data-e-type=\"widget\" data-widget_type=\"text-editor.default\">\n\t\t\t\t<div class=\"elementor-widget-container\">\n\t\t\t\t\t\t\t\t\t<h2 class=\"vc_custom_heading letterspacing-2 vc_custom_1445546332260\">M\u0130SYONUMUZ<\/h2><div class=\"wpb_text_column wpb_content_element  vc_custom_1445546530690 \"><div id=\"ct_w4s9upvm5dlbwy6qh56m\" class=\"wpb_wrapper\"><ul><li>Kay\u0131tl\u0131 n\u00fcfusumuzun sa\u011fl\u0131\u011f\u0131n\u0131 geli\u015ftirmek,<\/li><li>Korumak ve tedavi etmek,<\/li><li>Rehabilitasyonu i\u00e7in sa\u011fl\u0131k hizmetine katk\u0131 sa\u011flayan t\u00fcm toplum kaynaklar\u0131 ile i\u015fbirli\u011fi i\u00e7inde olarak,<\/li><li>Bilimin g\u00fcncel katk\u0131s\u0131na a\u00e7\u0131k, g\u00fcvenilir, g\u00fcler y\u00fczl\u00fc, ileti\u015fime ve geli\u015fmeye a\u00e7\u0131k, kolay ula\u015f\u0131lan, sa\u011fl\u0131\u011f\u0131 vazge\u00e7ilmez bir insan hakk\u0131 olarak g\u00f6ren ve ba\u011fl\u0131 bulundu\u011fu bireylerin t\u00fcm sa\u011fl\u0131k sorumlulu\u011funu \u00fcstlenen \u00f6rnek bir Aile Sa\u011fl\u0131\u011f\u0131 Merkezi olmakt\u0131r.<\/li><\/ul><\/div><\/div><h2 class=\"vc_custom_heading letterspacing-2 vc_custom_1445614142288\">V\u0130ZYONUMUZ<\/h2><div class=\"wpb_text_column wpb_content_element  vc_custom_1445614156806 \"><div id=\"ct_mkj6kyfebz4t23kir2f5\" class=\"wpb_wrapper\"><p>Bilimi en g\u00fcncel hali ile kullanan, sa\u011fl\u0131k hizmeti alan\u0131 ve sunan\u0131 ile bir b\u00fct\u00fcn olarak en \u00fcst d\u00fczeyde sa\u011fl\u0131k \u00e7\u0131kt\u0131lar\u0131na ve memnuniyete sahip olan ideal A s\u0131n\u0131f\u0131 standartlar\u0131nda bir Aile Sa\u011fl\u0131\u011f\u0131 Merkezi olmakt\u0131r.<\/p><\/div><\/div>\t\t\t\t\t\t\t\t<\/div>\n\t\t\t\t<\/div>\n\t\t\t\t\t<\/div>\n\t\t<\/div>\n\t\t\t\t\t<\/div>\n\t\t<\/section>\n\t\t\t\t<\/div>\n\t\t","protected":false},"excerpt":{"rendered":"<p>M\u0130SYONUMUZ Kay\u0131tl\u0131 n\u00fcfusumuzun sa\u011fl\u0131\u011f\u0131n\u0131 geli\u015ftirmek, Korumak ve tedavi etmek, Rehabilitasyonu i\u00e7in sa\u011fl\u0131k hizmetine katk\u0131 sa\u011flayan t\u00fcm toplum kaynaklar\u0131 ile i\u015fbirli\u011fi i\u00e7inde olarak, Bilimin g\u00fcncel katk\u0131s\u0131na a\u00e7\u0131k, g\u00fcvenilir, g\u00fcler y\u00fczl\u00fc, ileti\u015fime ve geli\u015fmeye a\u00e7\u0131k, kolay ula\u015f\u0131lan, sa\u011fl\u0131\u011f\u0131 vazge\u00e7ilmez bir insan hakk\u0131 olarak g\u00f6ren ve ba\u011fl\u0131 bulundu\u011fu bireylerin t\u00fcm sa\u011fl\u0131k sorumlulu\u011funu \u00fcstlenen \u00f6rnek bir Aile Sa\u011fl\u0131\u011f\u0131 Merkezi [&hellip;]<\/p>\n","protected":false},"author":1,"featured_media":0,"parent":0,"menu_order":0,"comment_status":"closed","ping_status":"closed","template":"","meta":{"om_disable_all_campaigns":false,"_monsterinsights_skip_tracking":false,"_monsterinsights_sitenote_active":false,"_monsterinsights_sitenote_note":"","_monsterinsights_sitenote_category":0,"_themeisle_gutenberg_block_has_review":false,"footnotes":""},"class_list":["post-20","page","type-page","status-publish","hentry"],"aioseo_notices":[],"jetpack_sharing_enabled":true,"_links":{"self":[{"href":"https:\/\/konacikasm.com\/index.php\/wp-json\/wp\/v2\/pages\/20","targetHints":{"allow":["GET"]}}],"collection":[{"href":"https:\/\/konacikasm.com\/index.php\/wp-json\/wp\/v2\/pages"}],"about":[{"href":"https:\/\/konacikasm.com\/index.php\/wp-json\/wp\/v2\/types\/page"}],"author":[{"embeddable":true,"href":"https:\/\/konacikasm.com\/index.php\/wp-json\/wp\/v2\/users\/1"}],"replies":[{"embeddable":true,"href":"https:\/\/konacikasm.com\/index.php\/wp-json\/wp\/v2\/comments?post=20"}],"version-history":[{"count":10,"href":"https:\/\/konacikasm.com\/index.php\/wp-json\/wp\/v2\/pages\/20\/revisions"}],"predecessor-version":[{"id":336,"href":"https:\/\/konacikasm.com\/index.php\/wp-json\/wp\/v2\/pages\/20\/revisions\/336"}],"wp:attachment":[{"href":"https:\/\/konacikasm.com\/index.php\/wp-json\/wp\/v2\/media?parent=20"}],"curies":[{"name":"wp","href":"https:\/\/api.w.org\/{rel}","templated":true}]}}