{"id":231,"date":"2022-10-21T14:31:43","date_gmt":"2022-10-21T14:31:43","guid":{"rendered":"https:\/\/konacikasm.com\/?page_id=231"},"modified":"2022-10-27T14:04:23","modified_gmt":"2022-10-27T14:04:23","slug":"fatma-turk","status":"publish","type":"page","link":"https:\/\/konacikasm.com\/index.php\/fatma-turk\/","title":{"rendered":"DR. FATMA T\u00dcRK"},"content":{"rendered":"\t\t<div data-elementor-type=\"wp-page\" data-elementor-id=\"231\" class=\"elementor elementor-231\">\n\t\t\t\t\t\t<section class=\"elementor-section elementor-top-section elementor-element elementor-element-4fde5444 elementor-section-boxed elementor-section-height-default elementor-section-height-default\" data-id=\"4fde5444\" data-element_type=\"section\" data-e-type=\"section\">\n\t\t\t\t\t\t<div class=\"elementor-container elementor-column-gap-default\">\n\t\t\t\t\t<div class=\"elementor-column elementor-col-100 elementor-top-column elementor-element elementor-element-b4050f0\" data-id=\"b4050f0\" data-element_type=\"column\" data-e-type=\"column\">\n\t\t\t<div class=\"elementor-widget-wrap elementor-element-populated\">\n\t\t\t\t\t\t<div class=\"elementor-element elementor-element-7130d1e1 elementor-widget elementor-widget-text-editor\" data-id=\"7130d1e1\" data-element_type=\"widget\" data-e-type=\"widget\" data-widget_type=\"text-editor.default\">\n\t\t\t\t<div class=\"elementor-widget-container\">\n\t\t\t\t\t\t\t\t\t\n<p><\/p>\n\n\n\n<div id=\"wp-block-themeisle-blocks-advanced-columns-bd2d1b6a\" class=\"wp-block-themeisle-blocks-advanced-columns has-1-columns has-desktop-equal-layout has-tablet-equal-layout has-mobile-equal-layout has-vertical-unset\"><div class=\"wp-block-themeisle-blocks-advanced-columns-overlay\"><\/div><div class=\"innerblocks-wrap\">\n<div id=\"wp-block-themeisle-blocks-advanced-column-0dc7603d\" class=\"wp-block-themeisle-blocks-advanced-column\">\n<div id=\"wp-block-themeisle-blocks-advanced-columns-fc40028e\" class=\"wp-block-themeisle-blocks-advanced-columns has-1-columns has-desktop-equal-layout has-tablet-equal-layout has-mobile-equal-layout has-vertical-unset\"><div class=\"wp-block-themeisle-blocks-advanced-columns-overlay\"><\/div><div class=\"innerblocks-wrap\">\n<div id=\"wp-block-themeisle-blocks-advanced-column-0613d856\" class=\"wp-block-themeisle-blocks-advanced-column\"><dl class=\"jetpack-business-hours wp-block-jetpack-business-hours\"><div class=\"jetpack-business-hours__item\"><dt class=\"Mon\">Pazartesi<\/dt><dd class=\"Mon\">9:00 am - 11:50 am<\/dd><\/div><div class=\"jetpack-business-hours__item\"><dt class=\"Tue\">Sal\u0131<\/dt><dd class=\"Tue\">9:00 am - 11:50 am, 1:30 pm - 4:30 pm<\/dd><\/div><div class=\"jetpack-business-hours__item\"><dt class=\"Wed\">\u00c7ar\u015famba<\/dt><dd class=\"Wed\">9:00 am - 11:50 am, 1:30 pm - 4:30 pm<\/dd><\/div><div class=\"jetpack-business-hours__item\"><dt class=\"Thu\">Per\u015fembe<\/dt><dd class=\"Thu\">11:00 am - 11:50 am, 1:30 pm - 4:30 pm<\/dd><\/div><div class=\"jetpack-business-hours__item\"><dt class=\"Fri\">Cuma<\/dt><dd class=\"Fri\">9:00 am - 11:50 am, 1:30 pm - 4:30 pm<\/dd><\/div><div class=\"jetpack-business-hours__item\"><dt class=\"Sat\">Cumartesi<\/dt><dd class=\"Sat\">Kapal\u0131<\/dd><\/div><div class=\"jetpack-business-hours__item\"><dt class=\"Sun\">Pazar<\/dt><dd class=\"Sun\">Kapal\u0131<\/dd><\/div><\/dl><\/div>\n<\/div><\/div>\n<\/div>\n<\/div><\/div>\n\t\t\t\t\t\t\t\t<\/div>\n\t\t\t\t<\/div>\n\t\t\t\t\t<\/div>\n\t\t<\/div>\n\t\t\t\t\t<\/div>\n\t\t<\/section>\n\t\t\t\t<section class=\"elementor-section elementor-top-section elementor-element elementor-element-466a482 elementor-section-boxed elementor-section-height-default elementor-section-height-default elementor-invisible\" data-id=\"466a482\" data-element_type=\"section\" data-e-type=\"section\" data-settings=\"{&quot;animation&quot;:&quot;fadeInLeft&quot;}\">\n\t\t\t\t\t\t<div class=\"elementor-container elementor-column-gap-default\">\n\t\t\t\t\t<div class=\"elementor-column elementor-col-50 elementor-top-column elementor-element elementor-element-87d4bfa\" data-id=\"87d4bfa\" data-element_type=\"column\" data-e-type=\"column\">\n\t\t\t<div class=\"elementor-widget-wrap elementor-element-populated\">\n\t\t\t\t\t\t<div class=\"elementor-element elementor-element-0700ca2 elementor-widget elementor-widget-image\" data-id=\"0700ca2\" data-element_type=\"widget\" data-e-type=\"widget\" data-widget_type=\"image.default\">\n\t\t\t\t<div class=\"elementor-widget-container\">\n\t\t\t\t\t\t\t\t\t\t\t\t\t\t\t<img fetchpriority=\"high\" decoding=\"async\" width=\"724\" height=\"543\" src=\"https:\/\/i0.wp.com\/konacikasm.com\/wp-content\/uploads\/2022\/10\/alt-5ae892611bf1a-5168-1472832016f2509f3889266323039a33%401x.jpg?fit=724%2C543&amp;ssl=1\" class=\"attachment-large size-large wp-image-337\" alt=\"\" \/>\t\t\t\t\t\t\t\t\t\t\t\t\t\t\t<\/div>\n\t\t\t\t<\/div>\n\t\t\t\t\t<\/div>\n\t\t<\/div>\n\t\t\t\t<div class=\"elementor-column elementor-col-50 elementor-top-column elementor-element elementor-element-3c4db70\" data-id=\"3c4db70\" data-element_type=\"column\" data-e-type=\"column\">\n\t\t\t<div class=\"elementor-widget-wrap elementor-element-populated\">\n\t\t\t\t\t\t<div class=\"elementor-element elementor-element-e7d03a0 elementor-widget elementor-widget-heading\" data-id=\"e7d03a0\" data-element_type=\"widget\" data-e-type=\"widget\" data-widget_type=\"heading.default\">\n\t\t\t\t<div class=\"elementor-widget-container\">\n\t\t\t\t\t<h1 class=\"elementor-heading-title elementor-size-default\"><b>\u00e7al\u0131\u015fma saatleri<\/b><br><br><br><\/h1>\t\t\t\t<\/div>\n\t\t\t\t<\/div>\n\t\t\t\t<div class=\"elementor-element elementor-element-03a5129 elementor-widget elementor-widget-text-editor\" data-id=\"03a5129\" data-element_type=\"widget\" data-e-type=\"widget\" data-widget_type=\"text-editor.default\">\n\t\t\t\t<div class=\"elementor-widget-container\">\n\t\t\t\t\t\t\t\t\t<h2 style=\"box-sizing: inherit; color: #4b4f58; font-family: 'Source Sans Pro', sans-serif; font-size: 17px;\"><b>Pazartesi:\u00a0 \u00a0 \u00a0 \u00a0 \u00a0 \u00a0 \u00a0 \u00a0 \u00a0 \u00a0 09:00 &#8211; 11:50 &#8211; Evde Sa\u011fl\u0131k Hizmeti\u00a0<br \/>Sal\u0131:\u00a0 \u00a0 \u00a0 \u00a0 \u00a0 \u00a0 \u00a0 \u00a0 \u00a0 \u00a0 \u00a0 \u00a0 \u00a0 \u00a0 \u00a009:00 &#8211; 11:50 &#8211; 13:30 &#8211; 16:30\u00a0<br \/>\u00c7ar\u015famba:\u00a0 \u00a0 \u00a0 \u00a0 \u00a0 \u00a0 \u00a0 \u00a0 \u00a0 09:00 &#8211; 11:50 &#8211; 13:30 &#8211; 16:30\u00a0<br \/>Per\u015fembe:\u00a0 \u00a0 \u00a0 \u00a0 \u00a0 \u00a0 \u00a0 \u00a0 \u00a0 11:00 &#8211; 11:50 &#8211; 13:30 &#8211; 16:30\u00a0<br \/>Cuma:\u00a0 \u00a0 \u00a0 \u00a0 \u00a0 \u00a0 \u00a0 \u00a0 \u00a0 \u00a0 \u00a0 \u00a0 \u00a009:00 &#8211; 11:50 &#8211; 13:30 &#8211; 16:30\u00a0<br \/>Cumartesi: Kapal\u0131<br \/>Pazar: Kapal\u0131<\/b><\/h2>\t\t\t\t\t\t\t\t<\/div>\n\t\t\t\t<\/div>\n\t\t\t\t<div class=\"elementor-element elementor-element-60d97c4 elementor-invisible elementor-widget elementor-widget-text-editor\" data-id=\"60d97c4\" data-element_type=\"widget\" data-e-type=\"widget\" data-settings=\"{&quot;_animation&quot;:&quot;fadeInRight&quot;}\" data-widget_type=\"text-editor.default\">\n\t\t\t\t<div class=\"elementor-widget-container\">\n\t\t\t\t\t\t\t\t\t<p><b>Ebe: Cehyan G\u00fcne\u015f<\/b><\/p>\n<p><b>Birim Tel: 0252 319 04 35<\/b><\/p>\t\t\t\t\t\t\t\t<\/div>\n\t\t\t\t<\/div>\n\t\t\t\t\t<\/div>\n\t\t<\/div>\n\t\t\t\t\t<\/div>\n\t\t<\/section>\n\t\t\t\t<\/div>\n\t\t","protected":false},"excerpt":{"rendered":"<p>\u00e7al\u0131\u015fma saatleri Pazartesi:\u00a0 \u00a0 \u00a0 \u00a0 \u00a0 \u00a0 \u00a0 \u00a0 \u00a0 \u00a0 09:00 &#8211; 11:50 &#8211; Evde Sa\u011fl\u0131k Hizmeti\u00a0Sal\u0131:\u00a0 \u00a0 \u00a0 \u00a0 \u00a0 \u00a0 \u00a0 \u00a0 \u00a0 \u00a0 \u00a0 \u00a0 \u00a0 \u00a0 \u00a009:00 &#8211; 11:50 &#8211; 13:30 &#8211; 16:30\u00a0\u00c7ar\u015famba:\u00a0 \u00a0 \u00a0 \u00a0 \u00a0 \u00a0 \u00a0 \u00a0 \u00a0 09:00 &#8211; 11:50 &#8211; 13:30 &#8211; 16:30\u00a0Per\u015fembe:\u00a0 \u00a0 [&hellip;]<\/p>\n","protected":false},"author":1,"featured_media":0,"parent":0,"menu_order":0,"comment_status":"closed","ping_status":"closed","template":"","meta":{"om_disable_all_campaigns":false,"_monsterinsights_skip_tracking":false,"_monsterinsights_sitenote_active":false,"_monsterinsights_sitenote_note":"","_monsterinsights_sitenote_category":0,"_themeisle_gutenberg_block_has_review":false,"footnotes":""},"class_list":["post-231","page","type-page","status-publish","hentry"],"aioseo_notices":[],"jetpack_sharing_enabled":true,"_links":{"self":[{"href":"https:\/\/konacikasm.com\/index.php\/wp-json\/wp\/v2\/pages\/231","targetHints":{"allow":["GET"]}}],"collection":[{"href":"https:\/\/konacikasm.com\/index.php\/wp-json\/wp\/v2\/pages"}],"about":[{"href":"https:\/\/konacikasm.com\/index.php\/wp-json\/wp\/v2\/types\/page"}],"author":[{"embeddable":true,"href":"https:\/\/konacikasm.com\/index.php\/wp-json\/wp\/v2\/users\/1"}],"replies":[{"embeddable":true,"href":"https:\/\/konacikasm.com\/index.php\/wp-json\/wp\/v2\/comments?post=231"}],"version-history":[{"count":23,"href":"https:\/\/konacikasm.com\/index.php\/wp-json\/wp\/v2\/pages\/231\/revisions"}],"predecessor-version":[{"id":470,"href":"https:\/\/konacikasm.com\/index.php\/wp-json\/wp\/v2\/pages\/231\/revisions\/470"}],"wp:attachment":[{"href":"https:\/\/konacikasm.com\/index.php\/wp-json\/wp\/v2\/media?parent=231"}],"curies":[{"name":"wp","href":"https:\/\/api.w.org\/{rel}","templated":true}]}}