{"id":32,"date":"2022-10-19T14:24:30","date_gmt":"2022-10-19T14:24:30","guid":{"rendered":"https:\/\/konacikasm.com\/index.php\/about-us\/"},"modified":"2022-10-27T11:36:49","modified_gmt":"2022-10-27T11:36:49","slug":"about-us","status":"publish","type":"page","link":"https:\/\/konacikasm.com\/index.php\/about-us\/","title":{"rendered":"A.S.M NED\u0130R ?"},"content":{"rendered":"\t\t<div data-elementor-type=\"wp-page\" data-elementor-id=\"32\" class=\"elementor elementor-32\">\n\t\t\t\t\t\t<section class=\"elementor-section elementor-top-section elementor-element elementor-element-4ae7d36 elementor-section-height-min-height elementor-section-items-stretch elementor-section-content-top elementor-section-full_width elementor-section-height-default elementor-invisible\" data-id=\"4ae7d36\" data-element_type=\"section\" data-e-type=\"section\" data-settings=\"{&quot;background_background&quot;:&quot;classic&quot;,&quot;animation&quot;:&quot;fadeInRight&quot;}\">\n\t\t\t\t\t\t<div class=\"elementor-container elementor-column-gap-no\">\n\t\t\t\t\t<div class=\"elementor-column elementor-col-100 elementor-top-column elementor-element elementor-element-46c9c0e\" data-id=\"46c9c0e\" data-element_type=\"column\" data-e-type=\"column\">\n\t\t\t<div class=\"elementor-widget-wrap elementor-element-populated\">\n\t\t\t\t\t\t<section class=\"elementor-section elementor-inner-section elementor-element elementor-element-5a11edcb elementor-section-boxed elementor-section-height-default elementor-section-height-default\" data-id=\"5a11edcb\" data-element_type=\"section\" data-e-type=\"section\">\n\t\t\t\t\t\t<div class=\"elementor-container elementor-column-gap-no\">\n\t\t\t\t\t<div class=\"elementor-column elementor-col-100 elementor-inner-column elementor-element elementor-element-19ad5643\" data-id=\"19ad5643\" data-element_type=\"column\" data-e-type=\"column\">\n\t\t\t<div class=\"elementor-widget-wrap elementor-element-populated\">\n\t\t\t\t\t\t<div class=\"elementor-element elementor-element-27fe2708 elementor-widget elementor-widget-spacer\" data-id=\"27fe2708\" data-element_type=\"widget\" data-e-type=\"widget\" data-widget_type=\"spacer.default\">\n\t\t\t\t<div class=\"elementor-widget-container\">\n\t\t\t\t\t\t\t<div class=\"elementor-spacer\">\n\t\t\t<div class=\"elementor-spacer-inner\"><\/div>\n\t\t<\/div>\n\t\t\t\t\t\t<\/div>\n\t\t\t\t<\/div>\n\t\t\t\t<div class=\"elementor-element elementor-element-472e5830 elementor-invisible elementor-widget elementor-widget-heading\" data-id=\"472e5830\" data-element_type=\"widget\" data-e-type=\"widget\" data-settings=\"{&quot;_animation&quot;:&quot;fadeIn&quot;}\" data-widget_type=\"heading.default\">\n\t\t\t\t<div class=\"elementor-widget-container\">\n\t\t\t\t\t<h1 class=\"elementor-heading-title elementor-size-default\">asm nedir ?<\/h1>\t\t\t\t<\/div>\n\t\t\t\t<\/div>\n\t\t\t\t<div class=\"elementor-element elementor-element-b439dd5 elementor-widget-divider--view-line elementor-invisible elementor-widget elementor-widget-divider\" data-id=\"b439dd5\" data-element_type=\"widget\" data-e-type=\"widget\" data-settings=\"{&quot;_animation&quot;:&quot;fadeIn&quot;,&quot;_animation_delay&quot;:&quot;200&quot;}\" data-widget_type=\"divider.default\">\n\t\t\t\t<div class=\"elementor-widget-container\">\n\t\t\t\t\t\t\t<div class=\"elementor-divider\">\n\t\t\t<span class=\"elementor-divider-separator\">\n\t\t\t\t\t\t<\/span>\n\t\t<\/div>\n\t\t\t\t\t\t<\/div>\n\t\t\t\t<\/div>\n\t\t\t\t<div class=\"elementor-element elementor-element-64443eba elementor-widget elementor-widget-text-editor\" data-id=\"64443eba\" data-element_type=\"widget\" data-e-type=\"widget\" data-widget_type=\"text-editor.default\">\n\t\t\t\t<div class=\"elementor-widget-container\">\n\t\t\t\t\t\t\t\t\t<p><strong style=\"margin: 0px; padding: 0px; border: 0px; font-size: 13px; vertical-align: baseline; color: #555555; font-family: Arial, Helvetica, sans-serif;\">Aile Sa\u011fl\u0131\u011f\u0131 Merkezleri Nedir? Hangi Hizmetleri Sunar?<\/strong><br style=\"color: #555555; font-family: Arial, Helvetica, sans-serif; font-size: 13px;\" \/><span style=\"color: #555555; font-family: Arial, Helvetica, sans-serif; font-size: 13px;\">Aile sa\u011fl\u0131\u011f\u0131 merkezleri 1. basamak sa\u011fl\u0131k hizmetleri sunar. Aile sa\u011fl\u0131\u011f\u0131 merkezlerinde bireysel ve ailesel sa\u011fl\u0131k \u015fartlar\u0131n\u0131n d\u00fczenli takibi yap\u0131labilir. Detayl\u0131 tetkik gerektirmeyen sa\u011fl\u0131k problemlerinde, aile sa\u011fl\u0131\u011f\u0131 merkezleri ihtiya\u00e7 duyulan t\u00fcm hizmeti sunabilir.<\/span><br style=\"color: #555555; font-family: Arial, Helvetica, sans-serif; font-size: 13px;\" \/><span style=\"color: #555555; font-family: Arial, Helvetica, sans-serif; font-size: 13px;\">Aile Sa\u011fl\u0131\u011f\u0131 Merkezi Nedir?<\/span><br style=\"color: #555555; font-family: Arial, Helvetica, sans-serif; font-size: 13px;\" \/><span style=\"color: #555555; font-family: Arial, Helvetica, sans-serif; font-size: 13px;\">Bir veya daha fazla aile hekiminin (uzman veya pratisyen doktor) ebe, hem\u015fire, sa\u011fl\u0131k memuru ve t\u0131bbi sekreter gibi sa\u011fl\u0131k personeli e\u015fli\u011finde aile hekimli\u011fi hizmeti verdi\u011fi kurulu\u015ftur.<\/span><br style=\"color: #555555; font-family: Arial, Helvetica, sans-serif; font-size: 13px;\" \/><span style=\"color: #555555; font-family: Arial, Helvetica, sans-serif; font-size: 13px;\">Not: Sa\u011fl\u0131k ocaklar\u0131 , 2010 itibariyle aile hekimli\u011fi uygulamas\u0131 kapsam\u0131nda aile sa\u011fl\u0131\u011f\u0131 merkezlerine d\u00f6n\u00fc\u015ft\u00fcr\u00fclm\u00fc\u015ft\u00fcr.<\/span><br style=\"color: #555555; font-family: Arial, Helvetica, sans-serif; font-size: 13px;\" \/><span style=\"color: #555555; font-family: Arial, Helvetica, sans-serif; font-size: 13px;\">\u2022 Halk\u0131n ilk gitti\u011fi sa\u011fl\u0131k kurulu\u015fudur.<\/span><br style=\"color: #555555; font-family: Arial, Helvetica, sans-serif; font-size: 13px;\" \/><span style=\"color: #555555; font-family: Arial, Helvetica, sans-serif; font-size: 13px;\">\u2022 1. basamak sa\u011fl\u0131k hizm opeti verir.<\/span><\/p>\t\t\t\t\t\t\t\t<\/div>\n\t\t\t\t<\/div>\n\t\t\t\t\t<\/div>\n\t\t<\/div>\n\t\t\t\t\t<\/div>\n\t\t<\/section>\n\t\t\t\t<div class=\"elementor-element elementor-element-673c5f26 elementor-widget__width-initial elementor-widget-tablet__width-initial elementor-widget-mobile__width-inherit elementor-absolute elementor-invisible elementor-widget elementor-widget-image\" data-id=\"673c5f26\" data-element_type=\"widget\" data-e-type=\"widget\" data-settings=\"{&quot;_animation&quot;:&quot;slideInRight&quot;,&quot;_position&quot;:&quot;absolute&quot;}\" data-widget_type=\"image.default\">\n\t\t\t\t<div class=\"elementor-widget-container\">\n\t\t\t\t\t\t\t\t\t\t\t\t\t\t\t<img fetchpriority=\"high\" decoding=\"async\" width=\"730\" height=\"487\" src=\"https:\/\/i0.wp.com\/konacikasm.com\/wp-content\/uploads\/2022\/10\/iStock-1335627007-1.jpg?fit=730%2C487&amp;ssl=1\" class=\"attachment-large size-large wp-image-133\" alt=\"\" srcset=\"https:\/\/i0.wp.com\/konacikasm.com\/wp-content\/uploads\/2022\/10\/iStock-1335627007-1.jpg?w=730&amp;ssl=1 730w, https:\/\/i0.wp.com\/konacikasm.com\/wp-content\/uploads\/2022\/10\/iStock-1335627007-1.jpg?resize=300%2C200&amp;ssl=1 300w\" sizes=\"(max-width: 730px) 100vw, 730px\" \/>\t\t\t\t\t\t\t\t\t\t\t\t\t\t\t<\/div>\n\t\t\t\t<\/div>\n\t\t\t\t\t<\/div>\n\t\t<\/div>\n\t\t\t\t\t<\/div>\n\t\t<\/section>\n\t\t\t\t<section class=\"elementor-section elementor-top-section elementor-element elementor-element-314b7d1c elementor-section-height-min-height elementor-section-content-middle elementor-section-full_width elementor-section-items-stretch elementor-section-height-default elementor-invisible\" data-id=\"314b7d1c\" data-element_type=\"section\" data-e-type=\"section\" id=\"perfectresults\" data-settings=\"{&quot;animation&quot;:&quot;rotateInUpRight&quot;}\">\n\t\t\t\t\t\t<div class=\"elementor-container elementor-column-gap-no\">\n\t\t\t\t\t<div class=\"elementor-column elementor-col-50 elementor-top-column elementor-element elementor-element-11c43b43\" data-id=\"11c43b43\" data-element_type=\"column\" data-e-type=\"column\" data-settings=\"{&quot;background_background&quot;:&quot;classic&quot;}\">\n\t\t\t<div class=\"elementor-widget-wrap elementor-element-populated\">\n\t\t\t\t\t<div class=\"elementor-background-overlay\"><\/div>\n\t\t\t\t\t\t<div class=\"elementor-element elementor-element-583d6c3b elementor-widget elementor-widget-spacer\" data-id=\"583d6c3b\" data-element_type=\"widget\" data-e-type=\"widget\" data-widget_type=\"spacer.default\">\n\t\t\t\t<div class=\"elementor-widget-container\">\n\t\t\t\t\t\t\t<div class=\"elementor-spacer\">\n\t\t\t<div class=\"elementor-spacer-inner\"><\/div>\n\t\t<\/div>\n\t\t\t\t\t\t<\/div>\n\t\t\t\t<\/div>\n\t\t\t\t\t<\/div>\n\t\t<\/div>\n\t\t\t\t<div class=\"elementor-column elementor-col-50 elementor-top-column elementor-element elementor-element-5ba94b23\" data-id=\"5ba94b23\" data-element_type=\"column\" data-e-type=\"column\">\n\t\t\t<div class=\"elementor-widget-wrap elementor-element-populated\">\n\t\t\t\t\t\t<div class=\"elementor-element elementor-element-4414ab82 elementor-widget elementor-widget-text-editor\" data-id=\"4414ab82\" data-element_type=\"widget\" data-e-type=\"widget\" data-widget_type=\"text-editor.default\">\n\t\t\t\t<div class=\"elementor-widget-container\">\n\t\t\t\t\t\t\t\t\t<p><strong>\u00a0 1. Basamak Sa\u011fl\u0131k Hizmeti Nedir?<\/strong><br \/>Ayakta sunulan te\u015fhis, tan\u0131 ve tedavi hizmetidir. Detayl\u0131 tetkik gerektirmeyen vakalarda sunulur. 1. basamak sa\u011fl\u0131k hizmeti deyince ilk akla gelenler \u015funlard\u0131r:<br \/>\u2022 Muayene<br \/>\u2022 Pansuman<br \/>\u2022 Koruyucu sa\u011fl\u0131k hizmetleri (A\u015f\u0131, sa\u011fl\u0131k taramalar\u0131, kanser taramalar\u0131 v. b. hizmetler)<br \/>\u2022 Enjeksiyon<br \/>\u2022 K\u00fc\u00e7\u00fck cerrahi m\u00fcdahaleler<br \/>Aile Sa\u011fl\u0131\u011f\u0131 Merkezlerinin Sundu\u011fu Hizmetler<br \/>Bir aile sa\u011fl\u0131\u011f\u0131 merkezi, imkanlar\u0131 \u00f6l\u00e7\u00fcs\u00fcnde a\u015fa\u011f\u0131daki hizmetleri verebilir:<br \/>\u2022 Muayene yap\u0131labilir, ila\u00e7lar\u0131n re\u00e7etesi yaz\u0131labilir (hastanelerden raporu \u00e7\u0131kar\u0131lm\u0131\u015f ila\u00e7lar da yaz\u0131labilir v.b.)<\/p>\t\t\t\t\t\t\t\t<\/div>\n\t\t\t\t<\/div>\n\t\t\t\t\t<\/div>\n\t\t<\/div>\n\t\t\t\t\t<\/div>\n\t\t<\/section>\n\t\t\t\t<section class=\"elementor-section elementor-top-section elementor-element elementor-element-3191b431 elementor-section-height-min-height elementor-section-content-middle elementor-section-full_width elementor-section-items-stretch elementor-section-height-default elementor-invisible\" data-id=\"3191b431\" data-element_type=\"section\" data-e-type=\"section\" data-settings=\"{&quot;animation&quot;:&quot;wobble&quot;}\">\n\t\t\t\t\t\t<div class=\"elementor-container elementor-column-gap-no\">\n\t\t\t\t\t<div class=\"elementor-column elementor-col-50 elementor-top-column elementor-element elementor-element-6d6bc4ca\" data-id=\"6d6bc4ca\" data-element_type=\"column\" data-e-type=\"column\" data-settings=\"{&quot;background_background&quot;:&quot;classic&quot;}\">\n\t\t\t<div class=\"elementor-widget-wrap elementor-element-populated\">\n\t\t\t\t\t\t<div class=\"elementor-element elementor-element-7f52fc2d elementor-widget elementor-widget-spacer\" data-id=\"7f52fc2d\" data-element_type=\"widget\" data-e-type=\"widget\" data-widget_type=\"spacer.default\">\n\t\t\t\t<div class=\"elementor-widget-container\">\n\t\t\t\t\t\t\t<div class=\"elementor-spacer\">\n\t\t\t<div class=\"elementor-spacer-inner\"><\/div>\n\t\t<\/div>\n\t\t\t\t\t\t<\/div>\n\t\t\t\t<\/div>\n\t\t\t\t\t<\/div>\n\t\t<\/div>\n\t\t\t\t<div class=\"elementor-column elementor-col-50 elementor-top-column elementor-element elementor-element-52045245\" data-id=\"52045245\" data-element_type=\"column\" data-e-type=\"column\">\n\t\t\t<div class=\"elementor-widget-wrap elementor-element-populated\">\n\t\t\t\t\t\t<div class=\"elementor-element elementor-element-56a2c48c elementor-widget-divider--view-line elementor-invisible elementor-widget elementor-widget-divider\" data-id=\"56a2c48c\" data-element_type=\"widget\" data-e-type=\"widget\" data-settings=\"{&quot;_animation&quot;:&quot;slideInRight&quot;}\" data-widget_type=\"divider.default\">\n\t\t\t\t<div class=\"elementor-widget-container\">\n\t\t\t\t\t\t\t<div class=\"elementor-divider\">\n\t\t\t<span class=\"elementor-divider-separator\">\n\t\t\t\t\t\t<\/span>\n\t\t<\/div>\n\t\t\t\t\t\t<\/div>\n\t\t\t\t<\/div>\n\t\t\t\t<div class=\"elementor-element elementor-element-170973d3 elementor-widget elementor-widget-text-editor\" data-id=\"170973d3\" data-element_type=\"widget\" data-e-type=\"widget\" data-widget_type=\"text-editor.default\">\n\t\t\t\t<div class=\"elementor-widget-container\">\n\t\t\t\t\t\t\t\t\t<p><strong>\u00a0 \u00a0 \u00a0 \u00a0 \u00a0 \u00a0 \u00a0 \u00a0A\u015fa\u011f\u0131daki (kan ve idrar) laboratuvar tetkiklerinin istemi yap\u0131labilir:<\/strong><br \/>\u2022 Eliza \u2013 Hormon<br \/>\u2022 Biyokimya<br \/>\u2022 Hematoloji<br \/>\u2022 Baz\u0131 vitamin (D vitamini vb.) ve ila\u00e7lar\u0131 \u00fccretsiz olarak da\u011f\u0131tabilir.<br \/>\u2022 A\u015fa\u011f\u0131daki raporlar\u0131 verebilir:<br \/>\u2022 Evlilik raporu<br \/>\u2022 \u0130stirahat raporu<br \/>\u2022 \u0130\u015f g\u00f6rmezlik raporu<br \/>\u2022 Ehliyet raporu<br \/>\u2022 Sporcu sa\u011fl\u0131k raporu<br \/>\u2022 Akli meleke raporu<br \/>\u2022 Askerlik muayene raporlar\u0131<br \/>\u2022 Sa\u011fl\u0131k Bakanl\u0131\u011f\u0131 taraf\u0131ndan y\u00fcr\u00fct\u00fclen (rutin olmayan) sa\u011fl\u0131k tarama ve a\u015f\u0131lama hizmetlerini, Bakanl\u0131kla i\u015f birli\u011fi yaparak halka ula\u015ft\u0131r\u0131r.<br \/>\u2022 Sa\u011fl\u0131k konusunda e\u011fitimler verir ve halk\u0131 bilin\u00e7lendirir.<br \/>\u2022 Aile planlamas\u0131nda yard\u0131mc\u0131 olabilir.<br \/>\u2022 G\u00fcvenli cinsel ili\u015fki dan\u0131\u015fmanl\u0131\u011f\u0131 verir. \u00dccretsiz do\u011fum kontrol hap\u0131 ve prezervatif da\u011f\u0131t\u0131m\u0131 yapar.<br \/>\u2022 Gebe takibi yapar ve beslenme dan\u0131\u015fmanl\u0131\u011f\u0131 sunar.<br \/>\u2022 Emzirme ve anne s\u00fct\u00fc hakk\u0131nda dan\u0131\u015fmanl\u0131k sunar.<br \/>\u2022 Lohusa takibi ve bak\u0131m hizmeti sunar.<br \/>\u2022 Bebek geli\u015fimi (boy, kilo, ba\u015f \u00e7evresi) ve a\u015f\u0131 takibi yapar.<br \/>\u2022 \u00c7ocu\u011fun sa\u011fl\u0131k \u015fartlar\u0131n\u0131n takibini yapar.<br \/>\u2022 Genel beslenme dan\u0131\u015fmanl\u0131\u011f\u0131 sunar.<br \/><br \/><\/p>\t\t\t\t\t\t\t\t<\/div>\n\t\t\t\t<\/div>\n\t\t\t\t\t<\/div>\n\t\t<\/div>\n\t\t\t\t\t<\/div>\n\t\t<\/section>\n\t\t\t\t<\/div>\n\t\t","protected":false},"excerpt":{"rendered":"<p>asm nedir ? Aile Sa\u011fl\u0131\u011f\u0131 Merkezleri Nedir? Hangi Hizmetleri Sunar?Aile sa\u011fl\u0131\u011f\u0131 merkezleri 1. basamak sa\u011fl\u0131k hizmetleri sunar. Aile sa\u011fl\u0131\u011f\u0131 merkezlerinde bireysel ve ailesel sa\u011fl\u0131k \u015fartlar\u0131n\u0131n d\u00fczenli takibi yap\u0131labilir. Detayl\u0131 tetkik gerektirmeyen sa\u011fl\u0131k problemlerinde, aile sa\u011fl\u0131\u011f\u0131 merkezleri ihtiya\u00e7 duyulan t\u00fcm hizmeti sunabilir.Aile Sa\u011fl\u0131\u011f\u0131 Merkezi Nedir?Bir veya daha fazla aile hekiminin (uzman veya pratisyen doktor) ebe, hem\u015fire, [&hellip;]<\/p>\n","protected":false},"author":1,"featured_media":0,"parent":0,"menu_order":0,"comment_status":"closed","ping_status":"closed","template":"","meta":{"om_disable_all_campaigns":false,"_monsterinsights_skip_tracking":false,"_monsterinsights_sitenote_active":false,"_monsterinsights_sitenote_note":"","_monsterinsights_sitenote_category":0,"_themeisle_gutenberg_block_has_review":false,"footnotes":""},"class_list":["post-32","page","type-page","status-publish","hentry"],"aioseo_notices":[],"jetpack_sharing_enabled":true,"_links":{"self":[{"href":"https:\/\/konacikasm.com\/index.php\/wp-json\/wp\/v2\/pages\/32","targetHints":{"allow":["GET"]}}],"collection":[{"href":"https:\/\/konacikasm.com\/index.php\/wp-json\/wp\/v2\/pages"}],"about":[{"href":"https:\/\/konacikasm.com\/index.php\/wp-json\/wp\/v2\/types\/page"}],"author":[{"embeddable":true,"href":"https:\/\/konacikasm.com\/index.php\/wp-json\/wp\/v2\/users\/1"}],"replies":[{"embeddable":true,"href":"https:\/\/konacikasm.com\/index.php\/wp-json\/wp\/v2\/comments?post=32"}],"version-history":[{"count":16,"href":"https:\/\/konacikasm.com\/index.php\/wp-json\/wp\/v2\/pages\/32\/revisions"}],"predecessor-version":[{"id":371,"href":"https:\/\/konacikasm.com\/index.php\/wp-json\/wp\/v2\/pages\/32\/revisions\/371"}],"wp:attachment":[{"href":"https:\/\/konacikasm.com\/index.php\/wp-json\/wp\/v2\/media?parent=32"}],"curies":[{"name":"wp","href":"https:\/\/api.w.org\/{rel}","templated":true}]}}